{"id":10926,"date":"2023-05-12T06:12:34","date_gmt":"2023-05-12T06:12:34","guid":{"rendered":"https:\/\/instal-llums.com\/politica-de-privacidad\/"},"modified":"2023-10-20T11:58:20","modified_gmt":"2023-10-20T11:58:20","slug":"politica-de-privacidad","status":"publish","type":"page","link":"https:\/\/instal-llums.com\/es\/politica-de-privacidad\/","title":{"rendered":"Pol\u00edtica de privacidad"},"content":{"rendered":"\t\t<div data-elementor-type=\"wp-page\" data-elementor-id=\"10926\" class=\"elementor elementor-10926 elementor-10525\">\n\t\t\t\t\t\t\t\t\t<section class=\"elementor-section elementor-top-section elementor-element elementor-element-226dd49 elementor-section-full_width elementor-section-height-min-height elementor-section-stretched elementor-section-height-default elementor-section-items-middle\" data-id=\"226dd49\" data-element_type=\"section\" data-settings=\"{&quot;stretch_section&quot;:&quot;section-stretched&quot;,&quot;background_background&quot;:&quot;classic&quot;}\">\n\t\t\t\t\t\t<div class=\"elementor-container elementor-column-gap-default\">\n\t\t\t\t\t<div class=\"elementor-column elementor-col-100 elementor-top-column elementor-element elementor-element-ebd3b1f\" data-id=\"ebd3b1f\" data-element_type=\"column\">\n\t\t\t<div class=\"elementor-widget-wrap elementor-element-populated\">\n\t\t\t\t\t\t\t\t<div class=\"elementor-element elementor-element-634878e elementor-widget elementor-widget-heading\" data-id=\"634878e\" data-element_type=\"widget\" data-widget_type=\"heading.default\">\n\t\t\t\t<div class=\"elementor-widget-container\">\n\t\t\t<style>\/*! elementor - v3.15.0 - 20-08-2023 *\/\n.elementor-heading-title{padding:0;margin:0;line-height:1}.elementor-widget-heading .elementor-heading-title[class*=elementor-size-]>a{color:inherit;font-size:inherit;line-height:inherit}.elementor-widget-heading .elementor-heading-title.elementor-size-small{font-size:15px}.elementor-widget-heading .elementor-heading-title.elementor-size-medium{font-size:19px}.elementor-widget-heading .elementor-heading-title.elementor-size-large{font-size:29px}.elementor-widget-heading .elementor-heading-title.elementor-size-xl{font-size:39px}.elementor-widget-heading .elementor-heading-title.elementor-size-xxl{font-size:59px}<\/style><h1 class=\"elementor-heading-title elementor-size-default\">Pol\u00edtica de privacidad<\/h1>\t\t<\/div>\n\t\t\t\t<\/div>\n\t\t\t\t\t<\/div>\n\t\t<\/div>\n\t\t\t\t\t\t\t<\/div>\n\t\t<\/section>\n\t\t\t\t<section class=\"elementor-section elementor-top-section elementor-element elementor-element-156955d elementor-section-boxed elementor-section-height-default elementor-section-height-default\" data-id=\"156955d\" data-element_type=\"section\">\n\t\t\t\t\t\t<div class=\"elementor-container elementor-column-gap-default\">\n\t\t\t\t\t<div class=\"elementor-column elementor-col-100 elementor-top-column elementor-element elementor-element-332a655\" data-id=\"332a655\" data-element_type=\"column\">\n\t\t\t<div class=\"elementor-widget-wrap elementor-element-populated\">\n\t\t\t\t\t\t\t\t<div class=\"elementor-element elementor-element-f71e5a4 elementor-widget elementor-widget-text-editor\" data-id=\"f71e5a4\" data-element_type=\"widget\" data-widget_type=\"text-editor.default\">\n\t\t\t\t<div class=\"elementor-widget-container\">\n\t\t\t<style>\/*! elementor - v3.15.0 - 20-08-2023 *\/\n.elementor-widget-text-editor.elementor-drop-cap-view-stacked .elementor-drop-cap{background-color:#69727d;color:#fff}.elementor-widget-text-editor.elementor-drop-cap-view-framed .elementor-drop-cap{color:#69727d;border:3px solid;background-color:transparent}.elementor-widget-text-editor:not(.elementor-drop-cap-view-default) .elementor-drop-cap{margin-top:8px}.elementor-widget-text-editor:not(.elementor-drop-cap-view-default) .elementor-drop-cap-letter{width:1em;height:1em}.elementor-widget-text-editor .elementor-drop-cap{float:left;text-align:center;line-height:1;font-size:50px}.elementor-widget-text-editor .elementor-drop-cap-letter{display:inline-block}<\/style>\t\t\t\t<ol>\n<li><strong><u>POL\u00cdTICA DE ENLACES Y EXENCIONES DE RESPONSABILIDAD<\/u><\/strong><\/li>\n<\/ol>\n<p><strong>MUNTATGES INSTAL-LLUMS, SL <\/strong>no se hace responsable del contenido de las p\u00e1ginas web a las que pueda acceder el usuario a trav\u00e9s de los enlaces establecidos en sus sitios web y declara que en ning\u00fan caso examinar\u00e1 ni ejercitar\u00e1 ning\u00fan tipo de control sobre el contenido de otras p\u00e1ginas de la red.<\/p>\n<p>Asimismo, tampoco garantiza la disponibilidad t\u00e9cnica, exactitud, veracidad, validez o legalidad de p\u00e1ginas ajenas a su propiedad a las que se pueda acceder a trav\u00e9s de los enlaces de esta web.<\/p>\n<p><strong>MUNTATGES INSTAL-LLUMS, SL<\/strong> declara que ha adoptado todas las medidas necesarias para evitar cualquier da\u00f1o que pueda derivarse de la navegaci\u00f3n por su p\u00e1gina web. En consecuencia, <strong>MUNTATGES INSTAL-LLUMS, SL<\/strong> no se hace responsable, en ning\u00fan caso, de los eventuales da\u00f1os que pueda sufrir el usuario a causa de la navegaci\u00f3n por Internet.<\/p>\n<p><strong>MUNTATGES INSTAL-LLUMS, SL<\/strong> no se responsabiliza de los da\u00f1os o perjuicios de cualquier tipo producidos en el Usuario que traigan causa de fallos o desconexiones en las redes de telecomunicaciones que produzcan la suspensi\u00f3n, cancelaci\u00f3n, instalaci\u00f3n o interrupci\u00f3n del servicio de la web durante la prestaci\u00f3n del mismo o con car\u00e1cter previo.<\/p>\n<p>El acceso a la web <strong>https:\/\/instal-llums.com\/<\/strong> no implica la obligaci\u00f3n por parte de la entidad de controlar la ausencia de virus o cualquier otro elemento inform\u00e1tico da\u00f1ino. Corresponde al Usuario, en todo caso, la disponibilidad de herramientas adecuadas para la detecci\u00f3n y desinfecci\u00f3n y protecci\u00f3n de programas inform\u00e1ticos da\u00f1inos.<\/p>\n<p><strong>MUNTATGES INSTAL-LLUMS, SL<\/strong> no se responsabiliza de los da\u00f1os producidos en los equipos inform\u00e1ticos, documentos y\/o ficheros de los Usuarios o de terceros durante la prestaci\u00f3n del servicio en este Portal web.<\/p>\n<p><\/p>\n<ol start=\"2\">\n<li><strong><u>PUBLICIDAD<\/u><\/strong><\/li>\n<\/ol>\n<p>La web <strong>https:\/\/instal-llums.com\/<\/strong> podr\u00e1 alojar contenidos publicitarios o patrocinados. Los anunciantes o patrocinadores son los \u00fanicos responsables de asegurarse que el material remitido para su inclusi\u00f3n en la web cumple con las leyes que en cada caso puedan ser de aplicaci\u00f3n.<\/p>\n<p><strong>MUNTATGES INSTAL-LLUMS, SL<\/strong> no ser\u00e1 responsable de cualquier error, inexactitud o irregularidad que puedan contener los contenidos publicitarios o de los patrocinadores en esta web.<\/p>\n<p><\/p>\n<ol start=\"3\">\n<li><strong><u>MODIFICACIONES<\/u><\/strong><\/li>\n<\/ol>\n<p><strong>MUNTATGES INSTAL-LLUMS, SL<\/strong> se reserva el derecho a realizar las modificaciones que considere oportunas, sin aviso previo, en el contenido de su sitio web, tanto en cuanto a los contenidos como por sus condiciones de uso o por las condiciones generales de contrataci\u00f3n. Dichas modificaciones podr\u00e1n realizarse, a trav\u00e9s de sus sitios web, de cualquier forma admisible en derecho y ser\u00e1n de obligado cumplimiento durante el tiempo que est\u00e9n publicadas en la web y hasta que no sean modificadas por otras posteriores.<\/p>\n<p><\/p>\n<ol start=\"4\">\n<li><strong><u>PROPIEDAD INTELECTUAL<\/u><\/strong><\/li>\n<\/ol>\n<p>Los derechos de propiedad intelectual e industrial derivados de todos los textos, im\u00e1genes, as\u00ed como de los medios y formas de presentaci\u00f3n y montaje de sus p\u00e1ginas pertenecen, por s\u00ed mismos o como cesionaria, a <strong>MUNTATGES INSTAL-LLUMS, SL<\/strong><strong>. <\/strong><\/p>\n<p>Ser\u00e1n, por tanto, obras protegidas con propiedad intelectual por el ordenamiento jur\u00eddico espa\u00f1ol y se les podr\u00e1 aplicar tanto la normativa espa\u00f1ola y comunitaria en este campo, como los tratados internacionales relativos a la materia y suscritos por Espa\u00f1a, Real Decreto Legislativo 1\/1996, \u00faltima actualizaci\u00f3n, 30\/03\/2023..<\/p>\n<p>Directiva-UE-2019\/790 del Parlamento Europeo y del Consejo de 17 de abril de 2019 sobre los derechos de autor y derechos afines en el mercado \u00fanico digital.<\/p>\n<p>Todos los derechos reservados. En cumplimiento de la Ley de la Propiedad Intelectual se proh\u00edbe expresamente la reproducci\u00f3n, distribuci\u00f3n, comunicaci\u00f3n p\u00fablica y utilizaci\u00f3n de la totalidad o parte de los contenidos de sus p\u00e1ginas web sin el consentimiento expl\u00edcito de <strong>MUNTATGES INSTAL-LLUMS, SL<\/strong><strong>.<\/strong><\/p>\n<p>As\u00ed mismo, <strong>MUNTATGES INSTAL-LLUMS, SL<\/strong> se reserva la facultad de presentar las acciones civiles o penales que considere oportunas por la utilizaci\u00f3n indebida de sus p\u00e1ginas web y contenidos o por el incumplimiento de estas condiciones.<\/p>\n<ol start=\"5\">\n<li><strong><u>ACCIONES LEGAL, LEGISLACI\u00d3N APLICABLE Y JURISDICCI\u00d3N<\/u><\/strong><\/li>\n<\/ol>\n<p>La relaci\u00f3n entre los usuarios y <strong>MUNTATGES INSTAL-LLUMS, SL<\/strong> se regir\u00e1 por la normativa espa\u00f1ola vigente y ser\u00e1n competentes para decidir sobre cualquier controversia que pueda surgir entre el usuario y <strong>MUNTATGES INSTAL-LLUMS, SL<\/strong><strong>, <\/strong>los juzgados o tribunales del Partido Judicial de la localidad de <strong>MATAR\u00d3<\/strong><strong>.<\/strong><\/p>\n<ol start=\"6\">\n<li><strong><u>RESERVA DE COOKIES<\/u><\/strong><\/li>\n<\/ol>\n<p><strong>MUNTATGES INSTAL-LLUMS, SL <\/strong>utiliza cookies y otras tecnolog\u00edas similares que almacenan y recuperan informaci\u00f3n cuando navegas. Estas tecnolog\u00edas pueden servir para finalidades diversas, como reconocer a un usuario y obtener informaci\u00f3n de sus h\u00e1bitos de navegaci\u00f3n. Los usos concretos que hacemos de estas tecnolog\u00edas se describen en la informaci\u00f3n de la Pol\u00edtica de Cookies. Siguiendo la pol\u00edtica de protecci\u00f3n de datos de la entidad, <strong>MUNTATGES INSTAL-LLUMS, SL<\/strong> informa que las cookies se asocian al usuario an\u00f3nimo y a su ordenador y no proporcionan por s\u00ed mismas los datos personales del usuario.<\/p>\n<p>La informaci\u00f3n de nuestra \u2018pol\u00edtica de cookies\u2019 informa al usuario del tiempo que estas&nbsp; cookies permanecer\u00e1n activas en el terminal del usuario y de la posibilidad de que terceros tengan acceso a la informaci\u00f3n que \u00e9stas almacenan. Por ello se modific\u00f3 el art\u00edculo 5, apartado 3, de la Directiva 2002\/58 por la Directiva 2009\/136, y ahora por la Gu\u00eda de la AEPD.<\/p>\n<p>La \u00faltima Gu\u00eda sobre el uso de cookies de la AEPD de julio de 2023, que incorpora el criterio del Comit\u00e9 Europeo en Protecci\u00f3n de Datos (CEPD), que recoge las acciones de aceptar o rechazar las cookies, ambas acciones deben estar al mismo nivel, sin que sea m\u00e1s complicado&nbsp; rechazarlas o aceptarlas, el usuario tiene la posibilidad de aceptar o rechazar expl\u00edcitamente el uso de las cookies y recibir m\u00e1s informaci\u00f3n de las mismas. Adicionalmente, el Usuario tiene la posibilidad de configurar su navegador de manera que sea informado de la recepci\u00f3n de cookies, con la posibilidad, si as\u00ed lo desea, de impedir que se instalen en su disco duro.<\/p>\n<p><\/p>\n<p><\/p>\n<ol start=\"7\">\n<li><strong><u>POLITICA DE PRIVACIDAD<\/u><\/strong><\/li>\n<\/ol>\n<p>De conformidad con lo establecido por RGPD-UE-2016\/679<strong>, <\/strong>la LOPD 3\/2018, de Garant\u00eda de los Derechos Digitales, la Ley 34\/2002, con la \u00faltima actualizaci\u00f3n, 09\/05\/2023, de Servicios de la Sociedad de la Informaci\u00f3n y el Comercio Electr\u00f3nico, y la Ley 11\/2022, General de Telecomunicaciones, <strong>MUNTATGES INSTAL-LLUMS, SL<\/strong> informa a los usuarios de sus websites de que estamos obligados a guardar secreto profesional sobre los datos personales recabados por la entidad mediante los formularios de registro o contacto en sus p\u00e1ginas. Esta obligaci\u00f3n continuar\u00e1 incluso despu\u00e9s de haber finalizado nuestra relaci\u00f3n comercial o contractual, y en ning\u00fan caso podremos hacer p\u00fablicos los datos personales de los visitantes y clientes a la web sin su consentimiento.<\/p>\n<p><strong>Consentimiento del menor:<\/strong> Seg\u00fan el art\u00edculo 6 apartado f, y el art\u00edculo 8, apartado 1, del RGPD-UE-2016\/679, y por la LOPD-3\/2018, de Garant\u00eda de los Derechos Digitales en su art\u00edculo 84, (protecci\u00f3n de los menores en Interne), exponen que cuando el interesado sea un menor de 16 a\u00f1os, no podr\u00e1 prestar su consentimiento para que un comercio online recoja sus datos personales, tal tratamiento \u00fanicamente se considerar\u00e1 l\u00edcito si el consentimiento lo dio o autoriz\u00f3 el titular o titulares de la patria potestad o tutela sobre el menor, deben disponer de los medios para obtener el consentimiento expl\u00edcito de sus padres o tutores; por ejemplo, mediante un mensaje de correo electr\u00f3nico dirigido a alguno de ellos que contenga un enlace a un formulario electr\u00f3nico, salvo que el menor tenga como m\u00ednimo 16 a\u00f1os cumplidos que ser\u00e1 licito su consentimiento.<\/p>\n<p><strong>Formulario Trabaja Con Nosotros<\/strong><\/p>\n<p>En cumplimiento del Reglamento General de Protecci\u00f3n de Datos UE-2016\/679, art\u00edculos, 5, 6, 7, 9 y 13; por la LOPD 3\/2018, de garant\u00eda de los derechos digitales, en su T\u00edtulo II y sus art\u00edculos, la Directiva-UE- 2016\/943, y la Ley 1\/2019, de Secretos Empresariales, se le informa que el Responsable del Tratamiento de sus datos personales, de contacto e informaci\u00f3n es, <strong>MUNTATGES INSTAL-LLUMS, SL<\/strong>, que tratar\u00e1 la informaci\u00f3n de los datos personales que nos facilitan los usuarios de manera licita, leal y transparente en relaci\u00f3n con el interesado, con fines&nbsp; determinados, expl\u00edcitos&nbsp; y leg\u00edtimos. Ser\u00e1n tratados de tal manera que se garantice una seguridad adecuada, incluida la protecci\u00f3n contra el tratamiento no autorizado o il\u00edcito y contra la p\u00e9rdida, destrucci\u00f3n o da\u00f1o accidental, mediante la aplicaci\u00f3n de medidas t\u00e9cnicas u organizativas adecuadas. El interesado tendr\u00e1 derecho a presentar reclamaciones a la Autoridad de Control AEPD.<\/p>\n<p>Una vez le\u00edda y aceptada la presente Pol\u00edtica de Privacidad mediante el checkbox situado al pie del formulario, Los candidatos que aporten su informaci\u00f3n profesional dan su consentimiento a <strong>MUNTATGES INSTAL-LLUMS, SL<\/strong>, al tratamiento de sus datos personales y de la informaci\u00f3n profesional inclu\u00edda en su Curr\u00edculum Vitae al rellenar el formulario de Trabaja con Nosotros. Sus datos personales ser\u00e1n tratados con seguridad y privacidad.<\/p>\n<p>Estos datos, ser\u00e1n introducidos en un fichero automatizado bajo la responsabilidad del administrador de la web de <strong>MUNTATGES INSTAL-LLUMS, SL<\/strong> con la finalidad de poder facilitar, agilizar y cumplir los compromisos establecidos entre ambas partes. Asimismo, <strong>MUNTATGES INSTAL-LLUMS, SL<\/strong> informa de la posibilidad de ejercer los derechos de <strong>acceso<\/strong>, que permite al usuario web, conocer que datos personales tiene el administrador de esta p\u00e1gina y en tal caso contestara en un plazo de 30 d\u00edas, siempre que conserven los datos personales, <strong>rectificaci\u00f3n<\/strong>, que permite corregir errores en los datos personales, modificar los que sean inexactos o incompletos y garantizar la certeza de la informaci\u00f3n, <strong>oposici\u00f3n<\/strong> que podr\u00e1 solicitar y conseguir que no lleve a cabo el tratamiento de datos, <strong>supresi\u00f3n<\/strong> que permite que se supriman los datos inadecuados o excesivos, <strong>limitaci\u00f3n, <\/strong>por el que puede solicitar que se limite el tratamiento de sus datos cuando haya ejercido su derecho a la rectificaci\u00f3n de sus datos personales,&nbsp; y <strong>portabilidad<\/strong>, para que el usuario pueda obtener una copia de los datos personales que haya facilitado en la web a fin de poder transmitirlos a otros servicios, estos derechos se podr\u00e1n ejercer por cualquier medio que deje constancia de su env\u00edo y de su recepci\u00f3n a la direcci\u00f3n del administrador de esta web o al Correo electr\u00f3nico <u>administracio@instal-llums.com<\/u><strong>, <\/strong>aportando fotocopia del DNI o documentaci\u00f3n alternativa que acredite su identidad, podr\u00e1 presentar reclamaci\u00f3n ante la Autoridad de Control, AEPD, ACPD y AVPD.<\/p>\n<p>El env\u00edo de sus datos mediante el\/los formularios de nuestra web estar\u00e1 supeditado obligatoriamente a que haya le\u00eddo\/aceptado la Pol\u00edtica de Privacidad, mediante un check box obligatorio al pie del formulario de registro o contacto.<\/p>\n<p>De acuerdo con lo establecido en la Ley 34\/2002, de Servicios de la Sociedad de la Informaci\u00f3n y el Comercio Electr\u00f3nico en su art\u00edculo 21, pedimos su consentimiento para poder realizar comunicaciones publicitarias o informaci\u00f3n de nuestra entidad que consideremos puedan ser de su inter\u00e9s, por correo electr\u00f3nico o por cualquier otro medio de comunicaci\u00f3n electr\u00f3nica equivalente. Este consentimiento lo otorgar\u00e1, o no, mediante la aceptaci\u00f3n de la Pol\u00edtica de Privacidad en el citado check box al pie del formulario de registro y\/o contacto.<\/p>\n<p><\/p>\n<ol start=\"8\">\n<li><strong><u>CERTIFICADOS DE LSSI-CE Y PROTECCI\u00d3N DE DATOS<\/u><\/strong><\/li>\n<\/ol>\n<p>Para la adecuaci\u00f3n de la p\u00e1gina web <strong>https:\/\/instal-llums.com\/<\/strong>, <strong>MUNTATGES INSTAL-LLUMS, SL<\/strong> ha sido asesorada en las normativas de protecci\u00f3n de datos y LSSI-CE por <a href=\"http:\/\/www.grupqualia.com\/\"><strong>GRUP QUALIA<\/strong><\/a>, hecho por el cual se le otorga un certificado en formato de imagen digital para que pueda exponerlo en esta p\u00e1gina web.<\/p>\t\t\t\t\t\t<\/div>\n\t\t\t\t<\/div>\n\t\t\t\t\t<\/div>\n\t\t<\/div>\n\t\t\t\t\t\t\t<\/div>\n\t\t<\/section>\n\t\t\t\t\t\t\t<\/div>\n\t\t","protected":false},"excerpt":{"rendered":"<p>Pol\u00edtica de privacidad POL\u00cdTICA DE ENLACES Y EXENCIONES DE RESPONSABILIDAD MUNTATGES INSTAL-LLUMS, SL no se hace responsable del contenido de las p\u00e1ginas web a las que pueda acceder el usuario a trav\u00e9s de los enlaces establecidos en sus sitios web y declara que en ning\u00fan caso examinar\u00e1 ni ejercitar\u00e1 ning\u00fan tipo de control sobre el&#8230;<\/p>\n","protected":false},"author":1,"featured_media":0,"parent":0,"menu_order":0,"comment_status":"closed","ping_status":"closed","template":"","meta":{"footnotes":""},"_links":{"self":[{"href":"https:\/\/instal-llums.com\/es\/wp-json\/wp\/v2\/pages\/10926"}],"collection":[{"href":"https:\/\/instal-llums.com\/es\/wp-json\/wp\/v2\/pages"}],"about":[{"href":"https:\/\/instal-llums.com\/es\/wp-json\/wp\/v2\/types\/page"}],"author":[{"embeddable":true,"href":"https:\/\/instal-llums.com\/es\/wp-json\/wp\/v2\/users\/1"}],"replies":[{"embeddable":true,"href":"https:\/\/instal-llums.com\/es\/wp-json\/wp\/v2\/comments?post=10926"}],"version-history":[{"count":7,"href":"https:\/\/instal-llums.com\/es\/wp-json\/wp\/v2\/pages\/10926\/revisions"}],"predecessor-version":[{"id":11063,"href":"https:\/\/instal-llums.com\/es\/wp-json\/wp\/v2\/pages\/10926\/revisions\/11063"}],"wp:attachment":[{"href":"https:\/\/instal-llums.com\/es\/wp-json\/wp\/v2\/media?parent=10926"}],"curies":[{"name":"wp","href":"https:\/\/api.w.org\/{rel}","templated":true}]}}