{"id":10918,"date":"2023-05-12T05:49:17","date_gmt":"2023-05-12T05:49:17","guid":{"rendered":"https:\/\/instal-llums.com\/aviso-legal\/"},"modified":"2023-10-20T11:57:33","modified_gmt":"2023-10-20T11:57:33","slug":"aviso-legal","status":"publish","type":"page","link":"https:\/\/instal-llums.com\/es\/aviso-legal\/","title":{"rendered":"Aviso legal"},"content":{"rendered":"\t\t<div data-elementor-type=\"wp-page\" data-elementor-id=\"10918\" class=\"elementor elementor-10918 elementor-10502\">\n\t\t\t\t\t\t\t\t\t<section class=\"elementor-section elementor-top-section elementor-element elementor-element-226dd49 elementor-section-full_width elementor-section-height-min-height elementor-section-stretched elementor-section-height-default elementor-section-items-middle\" data-id=\"226dd49\" data-element_type=\"section\" data-settings=\"{&quot;stretch_section&quot;:&quot;section-stretched&quot;,&quot;background_background&quot;:&quot;classic&quot;}\">\n\t\t\t\t\t\t<div class=\"elementor-container elementor-column-gap-default\">\n\t\t\t\t\t<div class=\"elementor-column elementor-col-100 elementor-top-column elementor-element elementor-element-ebd3b1f\" data-id=\"ebd3b1f\" data-element_type=\"column\">\n\t\t\t<div class=\"elementor-widget-wrap elementor-element-populated\">\n\t\t\t\t\t\t\t\t<div class=\"elementor-element elementor-element-634878e elementor-widget elementor-widget-heading\" data-id=\"634878e\" data-element_type=\"widget\" data-widget_type=\"heading.default\">\n\t\t\t\t<div class=\"elementor-widget-container\">\n\t\t\t<style>\/*! elementor - v3.15.0 - 20-08-2023 *\/\n.elementor-heading-title{padding:0;margin:0;line-height:1}.elementor-widget-heading .elementor-heading-title[class*=elementor-size-]>a{color:inherit;font-size:inherit;line-height:inherit}.elementor-widget-heading .elementor-heading-title.elementor-size-small{font-size:15px}.elementor-widget-heading .elementor-heading-title.elementor-size-medium{font-size:19px}.elementor-widget-heading .elementor-heading-title.elementor-size-large{font-size:29px}.elementor-widget-heading .elementor-heading-title.elementor-size-xl{font-size:39px}.elementor-widget-heading .elementor-heading-title.elementor-size-xxl{font-size:59px}<\/style><h1 class=\"elementor-heading-title elementor-size-default\">Aviso legal<\/h1>\t\t<\/div>\n\t\t\t\t<\/div>\n\t\t\t\t\t<\/div>\n\t\t<\/div>\n\t\t\t\t\t\t\t<\/div>\n\t\t<\/section>\n\t\t\t\t<section class=\"elementor-section elementor-top-section elementor-element elementor-element-156955d elementor-section-boxed elementor-section-height-default elementor-section-height-default\" data-id=\"156955d\" data-element_type=\"section\">\n\t\t\t\t\t\t<div class=\"elementor-container elementor-column-gap-default\">\n\t\t\t\t\t<div class=\"elementor-column elementor-col-100 elementor-top-column elementor-element elementor-element-332a655\" data-id=\"332a655\" data-element_type=\"column\">\n\t\t\t<div class=\"elementor-widget-wrap elementor-element-populated\">\n\t\t\t\t\t\t\t\t<div class=\"elementor-element elementor-element-f71e5a4 elementor-widget elementor-widget-text-editor\" data-id=\"f71e5a4\" data-element_type=\"widget\" data-widget_type=\"text-editor.default\">\n\t\t\t\t<div class=\"elementor-widget-container\">\n\t\t\t<style>\/*! elementor - v3.15.0 - 20-08-2023 *\/\n.elementor-widget-text-editor.elementor-drop-cap-view-stacked .elementor-drop-cap{background-color:#69727d;color:#fff}.elementor-widget-text-editor.elementor-drop-cap-view-framed .elementor-drop-cap{color:#69727d;border:3px solid;background-color:transparent}.elementor-widget-text-editor:not(.elementor-drop-cap-view-default) .elementor-drop-cap{margin-top:8px}.elementor-widget-text-editor:not(.elementor-drop-cap-view-default) .elementor-drop-cap-letter{width:1em;height:1em}.elementor-widget-text-editor .elementor-drop-cap{float:left;text-align:center;line-height:1;font-size:50px}.elementor-widget-text-editor .elementor-drop-cap-letter{display:inline-block}<\/style>\t\t\t\t<p>En cumplimiento de la Ley 34\/2002, con \u00faltima actualizaci\u00f3n, 09\/05\/2023, de servicios de la sociedad de la informaci\u00f3n y de comercio electr\u00f3nico, <strong>MUNTATGES INSTAL-LLUMS, SL<\/strong><strong>,<\/strong> le informa que es titular de los sitios web: <strong>https:\/\/instal-llums.com\/<\/strong><strong>. \u00a0<\/strong>De acuerdo con la exigencia del art\u00edculo 10 de la mencionada Ley, notifica los siguientes datos: NIF\/CIF: <strong>B60736485<\/strong><strong>,<\/strong> Registro Mercantil de <strong>BARCELONA<\/strong><strong>. <\/strong>Tomo: <strong>27850<\/strong><strong>,<\/strong> Folio: <strong>158, S8<\/strong><strong>, <\/strong>Hoja: <strong>B-125957<\/strong>, y domicilio social: <strong>C\/ SANT FERRAN, 5. 08310,<\/strong> <strong>ARGENTONA<\/strong> <strong>(BARCELONA)<\/strong>. La direcci\u00f3n de correo electr\u00f3nico de contacto con la empresa es: <u>administracio@instal-llums.com<\/u>. \u00a0\u00a0<\/p><ol><li><strong><u>USUARIO Y R\u00c9GIMEN DE RESPONSABILIDADES<\/u><\/strong><\/li><\/ol><p>\u00a0<\/p><p>La navegaci\u00f3n por acceso o uso de la p\u00e1gina web\u00a0 y todos los subdominios y directorios incluidos bajo el mismo dominio, as\u00ed como los servicios o contenidos que a trav\u00e9s de \u00e9l se puedan obtener y todos los portales de dominio propio bajo titularidad de <strong>MUNTATGES INSTAL-LLUMS, SL<\/strong>, otorga la condici\u00f3n de <strong>Usuario<\/strong>, por la que se aceptan, al navegar por la p\u00e1gina web de <strong>MUNTATGES INSTAL-LLUMS, SL<\/strong>, todas las condiciones de uso que se establecen sin perjudicar la aplicaci\u00f3n de la correspondiente normativa de obligado cumplimiento legal seg\u00fan el caso.<\/p><p>\u00a0<\/p><p>Por eso, si las consideraciones detalladas en este aviso legal no son de su conformidad, rogamos no haga uso del portal, ya que cualquier uso que haga del mismo o los servicios y contenidos en \u00e9l incluidos implicar\u00e1 la aceptaci\u00f3n de los t\u00e9rminos legales recogidos en este texto.<\/p><p>La p\u00e1gina web de <strong>MUNTATGES INSTAL-LLUMS, SL<\/strong><strong>,<\/strong> proporciona gran diversidad de informaci\u00f3n, servicios y datos. El usuario asume su responsabilidad en el uso correcto de los sitios web. Esta responsabilidad se extender\u00e1 a: La veracidad y licitud de las informaciones aportadas por el usuario en los formularios de registro y contacto de <strong>MUNTATGES INSTAL-LLUMS, SL<\/strong><strong>,<\/strong> para acceder a determinados contenidos o servicios ofrecidos por la web.<\/p><p>El uso de la informaci\u00f3n, servicios y datos ofrecidos por, <strong>MUNTATGES INSTAL-LLUMS, SL <\/strong>no ir\u00e1n contra las disposiciones de estas cl\u00e1usulas, la Ley, la moral, las buenas costumbres o el orden p\u00fablico que puedan suponer lesi\u00f3n de los derechos de terceros o del funcionamiento de los sitios web. A tal efecto, el Usuario se abstendr\u00e1 de utilizar cualquiera de los contenidos con fines il\u00edcitos y \u00a0prohibidos en este texto, lesivos de los derechos e intereses de terceros, o que de cualquier forma puedan da\u00f1ar, inutilizar, sobrecargar, deteriorar o impedir la normal utilizaci\u00f3n de los contenidos, de otros Usuarios o de cualquier usuario de Internet (hardware y software).<\/p><p>Los usuarios responder\u00e1n de los da\u00f1os y perjuicios de toda naturaleza que la entidad propietaria de la web pueda sufrir, directa o indirectamente, como consecuencia de incumplimiento de cualquiera de las obligaciones derivadas del uso de la Web y de esta pol\u00edtica de privacidad.<\/p><p>En particular, y a t\u00edtulo meramente indicativo y no exhaustivo, el Usuario se compromete a no transmitir, difundir o poner a disposici\u00f3n de terceros informaciones, datos, contenidos, mensajes, gr\u00e1ficos, dibujos, archivos de sonido y\/o imagen, fotograf\u00edas de esta web.<\/p>\t\t\t\t\t\t<\/div>\n\t\t\t\t<\/div>\n\t\t\t\t\t<\/div>\n\t\t<\/div>\n\t\t\t\t\t\t\t<\/div>\n\t\t<\/section>\n\t\t\t\t\t\t\t<\/div>\n\t\t","protected":false},"excerpt":{"rendered":"<p>Aviso legal En cumplimiento de la Ley 34\/2002, con \u00faltima actualizaci\u00f3n, 09\/05\/2023, de servicios de la sociedad de la informaci\u00f3n y de comercio electr\u00f3nico, MUNTATGES INSTAL-LLUMS, SL, le informa que es titular de los sitios web: https:\/\/instal-llums.com\/. \u00a0De acuerdo con la exigencia del art\u00edculo 10 de la mencionada Ley, notifica los siguientes datos: NIF\/CIF: B60736485,&#8230;<\/p>\n","protected":false},"author":1,"featured_media":0,"parent":0,"menu_order":0,"comment_status":"closed","ping_status":"closed","template":"","meta":{"footnotes":""},"_links":{"self":[{"href":"https:\/\/instal-llums.com\/es\/wp-json\/wp\/v2\/pages\/10918"}],"collection":[{"href":"https:\/\/instal-llums.com\/es\/wp-json\/wp\/v2\/pages"}],"about":[{"href":"https:\/\/instal-llums.com\/es\/wp-json\/wp\/v2\/types\/page"}],"author":[{"embeddable":true,"href":"https:\/\/instal-llums.com\/es\/wp-json\/wp\/v2\/users\/1"}],"replies":[{"embeddable":true,"href":"https:\/\/instal-llums.com\/es\/wp-json\/wp\/v2\/comments?post=10918"}],"version-history":[{"count":7,"href":"https:\/\/instal-llums.com\/es\/wp-json\/wp\/v2\/pages\/10918\/revisions"}],"predecessor-version":[{"id":11060,"href":"https:\/\/instal-llums.com\/es\/wp-json\/wp\/v2\/pages\/10918\/revisions\/11060"}],"wp:attachment":[{"href":"https:\/\/instal-llums.com\/es\/wp-json\/wp\/v2\/media?parent=10918"}],"curies":[{"name":"wp","href":"https:\/\/api.w.org\/{rel}","templated":true}]}}